{"id":30,"date":"2022-08-18T15:32:04","date_gmt":"2022-08-18T15:32:04","guid":{"rendered":"https:\/\/jpmercier.com\/gfmdev\/?page_id=30"},"modified":"2026-03-29T23:32:54","modified_gmt":"2026-03-29T23:32:54","slug":"30-2","status":"publish","type":"page","link":"https:\/\/jpmercier.com\/","title":{"rendered":""},"content":{"rendered":"\n<div class=\"wp-block-columns is-layout-flex wp-container-core-columns-is-layout-9d6595d7 wp-block-columns-is-layout-flex\">\n<div class=\"wp-block-column is-layout-flow wp-block-column-is-layout-flow\">\n<h6 class=\"wp-block-heading has-accent-color has-text-color\" style=\"letter-spacing:-1px\">S\u00e9curit\u00e9<br>Croissance<br>Confiance<\/h6>\n\n\n\n<h5 class=\"wp-block-heading\"><strong>Maintenant multipli\u00e9 par deux!<\/strong><\/h5>\n<\/div>\n\n\n\n<div class=\"wp-block-column is-layout-flow wp-block-column-is-layout-flow\">\n<figure class=\"wp-block-image size-full\"><img loading=\"lazy\" decoding=\"async\" width=\"1024\" height=\"881\" src=\"\/wp-content\/uploads\/2022\/10\/visuel_loupe_Accueil-1.gif\" alt=\"\" class=\"wp-image-559\"\/><\/figure>\n<\/div>\n<\/div>\n\n\n\n<p class=\"has-contrast-color has-base-background-color has-text-color has-background\" style=\"font-size:18px\"><strong><a href=\"\/index.php\/jean-patrick-mercier\/\" title=\"\">Jean-Patrick Mercier planificateur financier<\/a><\/strong><a data-type=\"page\" data-id=\"10\" href=\"\/gfmdev\/index.php\/jean-patrick-mercier\/\"> <\/a>accompagne ses clients, particuliers et entreprises, depuis plus de 29 ann\u00e9es. Avec l\u2019arriv\u00e9e dans l\u2019\u00e9quipe de son fils <strong><a href=\"\/index.php\/jean-alexandre-mercier\/\" title=\"\">Jean-Alexandre<\/a><\/strong> comme conseiller en s\u00e9curit\u00e9 financi\u00e8re, Gestion financi\u00e8re Mercier grandit tout en continuant de vous offrir le m\u00eame service personnalis\u00e9 hors-pair.<br><strong>En personne ou par vid\u00e9oconf\u00e9rence, nous sommes toujours l\u00e0 pour vous.<br><\/strong><br><strong>\u00bb <a href=\"\/index.php\/particuliers\/\" title=\"\">PARTICULIERS<\/a><\/strong>            <br><strong>\u00bb <a href=\"\/index.php\/entreprises\/\" title=\"\">ENTREPRISES<\/a><\/strong><\/p>\n\n\n\n<p class=\"has-text-align-center\"><strong><a href=\"mailto:gfm@gfmercier.ca\">gfm@gfmercier.ca<\/a>   \u2022   418 781-5958 <\/strong><br><strong>1 844 519-6413<\/strong><\/p>\n\n\n\n<p> > <a href=\"\/wp-content\/uploads\/2023\/09\/Renseignements_prives_GFMA.pdf\" target=\"_blank\" rel=\"noopener\" title=\"Protection de la vie priv\u00e9e \u2013 Formulaire de consentement\">Protection de la vie priv\u00e9e \u2013 Formulaire de consentement<\/a>\u00a0<\/p>\n","protected":false},"excerpt":{"rendered":"<p>S\u00e9curit\u00e9CroissanceConfiance Maintenant multipli\u00e9 par deux! Jean-Patrick Mercier planificateur financier accompagne ses clients, particuliers et entreprises, depuis plus de 29 ann\u00e9es. Avec l\u2019arriv\u00e9e dans l\u2019\u00e9quipe de son fils Jean-Alexandre comme conseiller en s\u00e9curit\u00e9 financi\u00e8re, Gestion financi\u00e8re Mercier grandit tout en continuant de vous offrir le m\u00eame service personnalis\u00e9 hors-pair.En personne ou par vid\u00e9oconf\u00e9rence, nous sommes toujours &#8230; <a title=\"\" class=\"read-more\" href=\"https:\/\/jpmercier.com\/\" aria-label=\"Read more about \">Continuer la lecture<\/a><\/p>\n","protected":false},"author":1,"featured_media":0,"parent":0,"menu_order":0,"comment_status":"closed","ping_status":"closed","template":"","meta":{"footnotes":""},"class_list":["post-30","page","type-page","status-publish"],"_links":{"self":[{"href":"https:\/\/jpmercier.com\/index.php\/wp-json\/wp\/v2\/pages\/30","targetHints":{"allow":["GET"]}}],"collection":[{"href":"https:\/\/jpmercier.com\/index.php\/wp-json\/wp\/v2\/pages"}],"about":[{"href":"https:\/\/jpmercier.com\/index.php\/wp-json\/wp\/v2\/types\/page"}],"author":[{"embeddable":true,"href":"https:\/\/jpmercier.com\/index.php\/wp-json\/wp\/v2\/users\/1"}],"replies":[{"embeddable":true,"href":"https:\/\/jpmercier.com\/index.php\/wp-json\/wp\/v2\/comments?post=30"}],"version-history":[{"count":103,"href":"https:\/\/jpmercier.com\/index.php\/wp-json\/wp\/v2\/pages\/30\/revisions"}],"predecessor-version":[{"id":678,"href":"https:\/\/jpmercier.com\/index.php\/wp-json\/wp\/v2\/pages\/30\/revisions\/678"}],"wp:attachment":[{"href":"https:\/\/jpmercier.com\/index.php\/wp-json\/wp\/v2\/media?parent=30"}],"curies":[{"name":"wp","href":"https:\/\/api.w.org\/{rel}","templated":true}]}}