{"id":23,"date":"2022-08-17T21:29:19","date_gmt":"2022-08-17T21:29:19","guid":{"rendered":"https:\/\/jpmercier.com\/gfmdev\/?page_id=23"},"modified":"2026-03-30T00:32:48","modified_gmt":"2026-03-30T00:32:48","slug":"particuliers","status":"publish","type":"page","link":"https:\/\/jpmercier.com\/index.php\/particuliers\/","title":{"rendered":"Particuliers"},"content":{"rendered":"\n<div class=\"wp-block-columns is-layout-flex wp-container-core-columns-is-layout-9d6595d7 wp-block-columns-is-layout-flex\">\n<div class=\"wp-block-column is-layout-flow wp-block-column-is-layout-flow\" style=\"flex-basis:100%\">\n<div class=\"wp-block-columns is-layout-flex wp-container-core-columns-is-layout-9d6595d7 wp-block-columns-is-layout-flex\">\n<div class=\"wp-block-column is-layout-flow wp-block-column-is-layout-flow\" style=\"flex-basis:33.33%\">\n<figure class=\"wp-block-image size-full\"><img loading=\"lazy\" decoding=\"async\" width=\"350\" height=\"350\" src=\"\/wp-content\/uploads\/2022\/08\/famille.jpg\" alt=\"Particuliers\" class=\"wp-image-183\" srcset=\"https:\/\/jpmercier.com\/wp-content\/uploads\/2022\/08\/famille.jpg 350w, https:\/\/jpmercier.com\/wp-content\/uploads\/2022\/08\/famille-300x300.jpg 300w, https:\/\/jpmercier.com\/wp-content\/uploads\/2022\/08\/famille-150x150.jpg 150w\" sizes=\"auto, (max-width: 350px) 100vw, 350px\" \/><\/figure>\n<\/div>\n\n\n\n<div class=\"wp-block-column is-layout-flow wp-block-column-is-layout-flow\" style=\"flex-basis:66.66%\">\n<h4 class=\"wp-block-heading has-accent-color has-text-color\" style=\"font-size:28px\"><strong>Prenez le contr\u00f4le de vos finances<\/strong><\/h4>\n\n\n\n<p style=\"font-size:18px\">Les avantages de consulter un planificateur financier d\u00e8s que vous commencez \u00e0 gagner de l\u2019argent sont nombreux: d\u00e9finir vos besoins, vous inciter \u00e0 l\u2019\u00e9pargne et vous conseiller dans l\u2019\u00e9laboration d\u2019un plan financier.<\/p>\n\n\n\n<p style=\"font-size:18px\">Nous vous permettons d\u2019ajuster le tir au fur et \u00e0 mesure que votre r\u00e9alit\u00e9 de vie change. Union, naissance, achat d\u2019une maison: vos besoins \u00e9voluent. Ensemble, nous suivrons cette \u00e9volution et vous pourrez optimiser votre \u00e9pargne et trouver des solutions pour prot\u00e9ger vos plans d\u2019avenir contre les impr\u00e9vus.<\/p>\n\n\n\n<p style=\"font-size:18px\">Avoir recours \u00e0 un conseiller financier augmente la valeur de votre patrimoine.<br>C\u2019est un peu comme prendre soin de sa sant\u00e9, c\u2019est le m\u00eame d\u00e9fi: s\u2019occuper de soi et de ceux que l\u2019on aime.<\/p>\n<\/div>\n<\/div>\n<\/div>\n<\/div>\n\n\n\n<p style=\"font-size:18px\"><a href=\"\/index.php\/entreprises\/\" title=\"\">VOYEZ AUSSI NOS SERVICES AUX ENTREPRISES &gt;<\/a><\/p>\n\n\n\n<h5 class=\"wp-block-heading\" style=\"font-size:18px\"><strong>ANALYSE BUDG\u00c9TAIRE<\/strong><\/h5>\n\n\n\n<ul style=\"font-size:18px\" class=\"wp-block-list\">\n<li>R\u00e9vision de l\u2019endettement<\/li>\n\n\n\n<li>Planification financi\u00e8re<\/li>\n\n\n\n<li>Planification de la retraite<\/li>\n\n\n\n<li>Transfert de fonds de pension<\/li>\n\n\n\n<li>Hypoth\u00e8que<\/li>\n<\/ul>\n\n\n\n<h5 class=\"wp-block-heading\" style=\"font-size:18px\"><strong>PLACEMENTS<\/strong><\/h5>\n\n\n\n<ul style=\"font-size:18px\" class=\"wp-block-list\">\n<li>Analyse des placements<\/li>\n\n\n\n<li>Pr\u00e9sentation adapt\u00e9e \u00e0 vos besoins<\/li>\n\n\n\n<li>Fonds distincts<\/li>\n\n\n\n<li>Comptes bancaires<\/li>\n\n\n\n<li>Certificats de d\u00e9pots garantis<\/li>\n\n\n\n<li>REER, FERR, REEE, CRI, CELI, FRV, CPG, CIG<\/li>\n\n\n\n<li>Rentes<\/li>\n\n\n\n<li>Fonds communs de placement offerts par Capital Hub Inc.<\/li>\n<\/ul>\n\n\n\n<h5 class=\"wp-block-heading\" style=\"font-size:18px\"><strong>ASSURANCES<\/strong><\/h5>\n\n\n\n<ul style=\"font-size:18px\" class=\"wp-block-list\">\n<li>Analyse et \u00e9valuation des besoins<\/li>\n\n\n\n<li>Recommandations et propositions vari\u00e9es<\/li>\n\n\n\n<li>Assurance vie temporaire<\/li>\n\n\n\n<li>Assurance vie enti\u00e8re avec participation<\/li>\n\n\n\n<li>Assurance vie universelle<\/li>\n\n\n\n<li>Assurance invalidit\u00e9<\/li>\n\n\n\n<li>Assurance contre les maladies graves<\/li>\n\n\n\n<li>Assurance soins longue dur\u00e9e<\/li>\n\n\n\n<li>Assurance hypoth\u00e9caire<\/li>\n\n\n\n<li>Assurance invalidit\u00e9<\/li>\n<\/ul>\n\n\n\n<figure class=\"wp-block-image size-full is-resized\"><img loading=\"lazy\" decoding=\"async\" width=\"401\" height=\"140\" src=\"\/gfmdev\/wp-content\/uploads\/2022\/08\/Hub.png\" alt=\"\" class=\"wp-image-91\" style=\"width:100px;height:35px\" srcset=\"https:\/\/jpmercier.com\/wp-content\/uploads\/2022\/08\/Hub.png 401w, https:\/\/jpmercier.com\/wp-content\/uploads\/2022\/08\/Hub-300x105.png 300w\" sizes=\"auto, (max-width: 401px) 100vw, 401px\" \/><\/figure>\n\n\n\n<p><\/p>\n\n\n\n<p class=\"has-small-font-size\"><strong>Rendements des fonds<br><\/strong>L\u2019investissement dans des fonds communs de placement peut donner lieu \u00e0 des commissions, commissions de suivi, frais de gestion et autres d\u00e9penses, il est donc important de lire l\u2019aper\u00e7u du fonds avant d\u2019investir. Les donn\u00e9es sur le rendement supposent le r\u00e9investissement de toutes les distributions et de tous les dividendes mais ne tiennent pas compte des frais de vente, de rachat ou de distribution ni des autres frais facultatifs ou de l\u2019imp\u00f4t sur le revenu \u00e0 payer par le d\u00e9tenteur, lesquels auraient pour effet de r\u00e9duire les rendements. Les fonds communs de placement ne sont pas garantis, leur valeur fluctue quotidiennement et leur rendement pass\u00e9 n\u2019est pas garant de leur rendement \u00e0 venir. Les titres des fonds communs de placements ne sont pas couverts par la Soci\u00e9t\u00e9 d\u2019assurance-d\u00e9p\u00f4ts du Canada ni par quelques autres organismes d\u2019assurance-d\u00e9p\u00f4t.<\/p>\n\n\n\n<p class=\"has-small-font-size\">Les fonds subventionn\u00e9s des travailleurs ont des cr\u00e9dits d\u2019imp\u00f4t qui sont assujettis \u00e0 certaines dispositions notamment au ressaisissement si les actions sont rachet\u00e9es en moins de huit ans.<\/p>\n\n\n\n<p class=\"has-text-align-center has-base-background-color has-background\"><strong><a href=\"mailto:gfm@gfmercier.ca\">gfm@gfmercier.ca<\/a>  \u2022   418 781-5958 \u2022 1 844 519-6413<\/strong><\/p>\n\n\n\n<p><\/p>\n\n\n\n<h4 class=\"wp-block-heading\" style=\"font-size:18px\"><\/h4>\n\n\n\n<p><\/p>\n\n\n\n<div class=\"wp-block-pb-accordion-item c-accordion__item js-accordion-item no-js\" data-initially-open=\"false\" data-click-to-close=\"true\" data-auto-close=\"true\" data-scroll=\"false\" data-scroll-offset=\"0\"><button id=\"at-231\" class=\"c-accordion__title js-accordion-controller c-accordion__title--button\" role=\"button\"><strong>&gt; Responsable des renseignements personnels<\/strong><\/button><div id=\"ac-231\" class=\"c-accordion__content\">\n<p style=\"font-size:12px\"><br><strong>Jean-Patrick Mercier Ph.D., AVC, et<br>Gestion Financi\u00e8re Mercier et Associ\u00e9s Inc.<\/strong><br>Courriel : jpm@gfmercier.ca<br>T\u00e9l\u00e9phone : (418) 781-5958 poste 102<br>T\u00e9l\u00e9copieur : (418) 204-2465<br>2750, Chemin Ste-Foy, bureau 257A Qu\u00e9bec G1V 1V6<\/p>\n\n\n\n<p style=\"font-size:12px\">Planificateur financier<br>Conseiller en s\u00e9curit\u00e9 financi\u00e8re<br>Conseiller en assurances et rentes collectives<br>Agent vendeur autoris\u00e9 par \u00c9pargne Placement Qu\u00e9bec <br>Rattach\u00e9 \u00e0 Gestion Financi\u00e8re Mercier et Associ\u00e9s Inc.<br>Repr\u00e9sentant en \u00e9pargne collective<br>Fonds mutuels vendus \u00e0 travers Capital Hub Inc.<\/p>\n<\/div><\/div>\n","protected":false},"excerpt":{"rendered":"<p>Prenez le contr\u00f4le de vos finances Les avantages de consulter un planificateur financier d\u00e8s que vous commencez \u00e0 gagner de l\u2019argent sont nombreux: d\u00e9finir vos besoins, vous inciter \u00e0 l\u2019\u00e9pargne et vous conseiller dans l\u2019\u00e9laboration d\u2019un plan financier. Nous vous permettons d\u2019ajuster le tir au fur et \u00e0 mesure que votre r\u00e9alit\u00e9 de vie change. &#8230; <a title=\"Particuliers\" class=\"read-more\" href=\"https:\/\/jpmercier.com\/index.php\/particuliers\/\" aria-label=\"Read more about Particuliers\">Continuer la lecture<\/a><\/p>\n","protected":false},"author":1,"featured_media":0,"parent":0,"menu_order":0,"comment_status":"closed","ping_status":"closed","template":"","meta":{"footnotes":""},"class_list":["post-23","page","type-page","status-publish"],"_links":{"self":[{"href":"https:\/\/jpmercier.com\/index.php\/wp-json\/wp\/v2\/pages\/23","targetHints":{"allow":["GET"]}}],"collection":[{"href":"https:\/\/jpmercier.com\/index.php\/wp-json\/wp\/v2\/pages"}],"about":[{"href":"https:\/\/jpmercier.com\/index.php\/wp-json\/wp\/v2\/types\/page"}],"author":[{"embeddable":true,"href":"https:\/\/jpmercier.com\/index.php\/wp-json\/wp\/v2\/users\/1"}],"replies":[{"embeddable":true,"href":"https:\/\/jpmercier.com\/index.php\/wp-json\/wp\/v2\/comments?post=23"}],"version-history":[{"count":34,"href":"https:\/\/jpmercier.com\/index.php\/wp-json\/wp\/v2\/pages\/23\/revisions"}],"predecessor-version":[{"id":688,"href":"https:\/\/jpmercier.com\/index.php\/wp-json\/wp\/v2\/pages\/23\/revisions\/688"}],"wp:attachment":[{"href":"https:\/\/jpmercier.com\/index.php\/wp-json\/wp\/v2\/media?parent=23"}],"curies":[{"name":"wp","href":"https:\/\/api.w.org\/{rel}","templated":true}]}}