{"id":19,"date":"2022-08-17T21:25:05","date_gmt":"2022-08-17T21:25:05","guid":{"rendered":"https:\/\/jpmercier.com\/gfmdev\/?page_id=19"},"modified":"2026-03-30T00:30:28","modified_gmt":"2026-03-30T00:30:28","slug":"jean-alexandre-mercier","status":"publish","type":"page","link":"https:\/\/jpmercier.com\/index.php\/jean-alexandre-mercier\/","title":{"rendered":"Jean-Alexandre Mercier"},"content":{"rendered":"\n<div class=\"wp-block-columns is-layout-flex wp-container-core-columns-is-layout-9d6595d7 wp-block-columns-is-layout-flex\">\n<div class=\"wp-block-column is-layout-flow wp-block-column-is-layout-flow\" style=\"flex-basis:33.33%\">\n<figure class=\"wp-block-image size-full is-style-default\"><img loading=\"lazy\" decoding=\"async\" width=\"350\" height=\"350\" src=\"\/wp-content\/uploads\/2022\/08\/Jean-Alexandre2.jpg\" alt=\"Jean-Alexandre Mercier\" class=\"wp-image-160\" srcset=\"https:\/\/jpmercier.com\/wp-content\/uploads\/2022\/08\/Jean-Alexandre2.jpg 350w, https:\/\/jpmercier.com\/wp-content\/uploads\/2022\/08\/Jean-Alexandre2-300x300.jpg 300w, https:\/\/jpmercier.com\/wp-content\/uploads\/2022\/08\/Jean-Alexandre2-150x150.jpg 150w\" sizes=\"auto, (max-width: 350px) 100vw, 350px\" \/><\/figure>\n<\/div>\n\n\n\n<div class=\"wp-block-column has-base-3-background-color has-background is-layout-flow wp-block-column-is-layout-flow\" style=\"flex-basis:66.66%\">\n<p><strong><a href=\"mailto:jam@gfmercier.ca\" title=\"\">jam@gfmercier.ca<\/a><\/strong><br><strong>418 781-5958, poste 103<\/strong><\/p>\n\n\n\n<p><\/p>\n\n\n\n<h5 class=\"wp-block-heading\" style=\"font-size:24px\"><strong>Ses comp\u00e9tences<\/strong><\/h5>\n\n\n\n<ul style=\"font-size:16px\" class=\"wp-block-list\">\n<li>Placements<\/li>\n\n\n\n<li>Assurance vie<\/li>\n\n\n\n<li>Assurance invalidit\u00e9<\/li>\n\n\n\n<li>Assurance maladie grave<\/li>\n<\/ul>\n<\/div>\n<\/div>\n\n\n\n<p>Gr\u00e2ce \u00e0 son esprit objectif et int\u00e8gre, Jean-Alexandre Mercier saura vous offrir les produits d\u2019assurance ou de placement les plus appropri\u00e9s pour atteindre vos objectifs financiers.<\/p>\n\n\n\n<p>Par une approche int\u00e9gr\u00e9e, il brossera un tableau complet de votre situation actuelle, il vous aidera \u00e0 d\u00e9finir des objectifs r\u00e9alistes pour l\u2019avenir et vous proposera des solutions concr\u00e8tes pour y parvenir.&nbsp;<\/p>\n\n\n\n<p>Jean-Alexandre Mercier est d\u00e9tenteur du permis de Repr\u00e9sentant en \u00e9pargne collective depuis 2021 et de celui de Conseiller en s\u00e9curit\u00e9 financi\u00e8re depuis&nbsp;2022.&nbsp;Il a effectu\u00e9 du travail d\u2019\u00e9t\u00e9 dans le bureau de son p\u00e8re pendant plus de 5 ans, ce qui lui a permis de se familiariser avec tous les aspects du m\u00e9tier et d\u2019acqu\u00e9rir de solides bases dans le domaine. Il a aussi appris la rigueur de son p\u00e8re.<\/p>\n\n\n\n<p><\/p>\n\n\n\n<p><a href=\"\/wp-content\/uploads\/2023\/09\/Renseignements_prives_GFMA.pdf\" target=\"_blank\" rel=\"noopener\" title=\"Protection de la vie priv\u00e9e \u2013 Formulaire de consentement\">&gt; <\/a><strong><a href=\"\/wp-content\/uploads\/2023\/09\/Renseignements_prives_JAM.pdf\" target=\"_blank\" rel=\"noopener\" title=\"Protection de la vie priv\u00e9e \u2013 Formulaire de consentement\">Protection de la vie priv\u00e9e \u2013 Formulaire de consentement<\/a>&nbsp;<\/strong><\/p>\n\n\n\n<p><a href=\"\/wp-content\/uploads\/2025\/06\/Modele_Resume_Politique-traitement-25-07-01.pdf\" target=\"_blank\" rel=\"noreferrer noopener\">&gt;&nbsp;<\/a><strong><a href=\"\/wp-content\/uploads\/2025\/06\/Modele_Resume_Politique-traitement-25-07-01.pdf\" target=\"_blank\" rel=\"noreferrer noopener\">R\u00e9sum\u00e9 de politique de traitement des plaintes pour Gestion Financi\u00e8re Mercier et Associ\u00e9s<\/a><\/strong>&nbsp;<\/p>\n\n\n\n<p><a href=\"\/wp-content\/uploads\/2025\/06\/25-01-Plainte-ocri.pdf\" target=\"_blank\" rel=\"noreferrer noopener\">&gt;&nbsp;<\/a><strong><a href=\"\/wp-content\/uploads\/2025\/06\/25-01-Plainte-ocri.pdf\" target=\"_blank\" rel=\"noreferrer noopener\">R\u00e9sum\u00e9 de politique de traitement des plaintes pour Capital hu<\/a><\/strong><a href=\"\/wp-content\/uploads\/2025\/06\/25-01-Plainte-ocri.pdf\" target=\"_blank\" rel=\"noreferrer noopener\"><strong>b<\/strong><\/a>&nbsp;<\/p>\n\n\n\n<p><\/p>\n","protected":false},"excerpt":{"rendered":"<p>jam@gfmercier.ca418 781-5958, poste 103 Ses comp\u00e9tences Gr\u00e2ce \u00e0 son esprit objectif et int\u00e8gre, Jean-Alexandre Mercier saura vous offrir les produits d\u2019assurance ou de placement les plus appropri\u00e9s pour atteindre vos objectifs financiers. Par une approche int\u00e9gr\u00e9e, il brossera un tableau complet de votre situation actuelle, il vous aidera \u00e0 d\u00e9finir des objectifs r\u00e9alistes pour l\u2019avenir &#8230; <a title=\"Jean-Alexandre Mercier\" class=\"read-more\" href=\"https:\/\/jpmercier.com\/index.php\/jean-alexandre-mercier\/\" aria-label=\"Read more about Jean-Alexandre Mercier\">Continuer la lecture<\/a><\/p>\n","protected":false},"author":1,"featured_media":0,"parent":0,"menu_order":0,"comment_status":"closed","ping_status":"closed","template":"","meta":{"footnotes":""},"class_list":["post-19","page","type-page","status-publish"],"_links":{"self":[{"href":"https:\/\/jpmercier.com\/index.php\/wp-json\/wp\/v2\/pages\/19","targetHints":{"allow":["GET"]}}],"collection":[{"href":"https:\/\/jpmercier.com\/index.php\/wp-json\/wp\/v2\/pages"}],"about":[{"href":"https:\/\/jpmercier.com\/index.php\/wp-json\/wp\/v2\/types\/page"}],"author":[{"embeddable":true,"href":"https:\/\/jpmercier.com\/index.php\/wp-json\/wp\/v2\/users\/1"}],"replies":[{"embeddable":true,"href":"https:\/\/jpmercier.com\/index.php\/wp-json\/wp\/v2\/comments?post=19"}],"version-history":[{"count":45,"href":"https:\/\/jpmercier.com\/index.php\/wp-json\/wp\/v2\/pages\/19\/revisions"}],"predecessor-version":[{"id":686,"href":"https:\/\/jpmercier.com\/index.php\/wp-json\/wp\/v2\/pages\/19\/revisions\/686"}],"wp:attachment":[{"href":"https:\/\/jpmercier.com\/index.php\/wp-json\/wp\/v2\/media?parent=19"}],"curies":[{"name":"wp","href":"https:\/\/api.w.org\/{rel}","templated":true}]}}