{"id":14,"date":"2022-08-18T15:54:33","date_gmt":"2022-08-18T15:54:33","guid":{"rendered":"https:\/\/jpmercier.com\/gfmdev\/?page_id=14"},"modified":"2026-03-29T23:14:39","modified_gmt":"2026-03-29T23:14:39","slug":"services-financiers-entreprises-gestion-financiere-mercier","status":"publish","type":"page","link":"https:\/\/jpmercier.com\/index.php\/services-financiers-entreprises-gestion-financiere-mercier\/","title":{"rendered":"Entreprises"},"content":{"rendered":"\n<div class=\"wp-block-columns is-layout-flex wp-container-core-columns-is-layout-9d6595d7 wp-block-columns-is-layout-flex\">\n<div class=\"wp-block-column is-layout-flow wp-block-column-is-layout-flow\" style=\"flex-basis:33.33%\">\n<figure class=\"wp-block-image size-full\"><img loading=\"lazy\" decoding=\"async\" width=\"350\" height=\"350\" src=\"\/gfmdev\/wp-content\/uploads\/2022\/08\/entreprise.jpg\" alt=\"\" class=\"wp-image-186\" srcset=\"https:\/\/jpmercier.com\/wp-content\/uploads\/2022\/08\/entreprise.jpg 350w, https:\/\/jpmercier.com\/wp-content\/uploads\/2022\/08\/entreprise-300x300.jpg 300w, https:\/\/jpmercier.com\/wp-content\/uploads\/2022\/08\/entreprise-150x150.jpg 150w\" sizes=\"auto, (max-width: 350px) 100vw, 350px\" \/><\/figure>\n<\/div>\n\n\n\n<div class=\"wp-block-column is-layout-flow wp-block-column-is-layout-flow\" style=\"flex-basis:66.66%\">\n<h4 class=\"has-accent-color has-text-color wp-block-heading\" style=\"font-size:28px\"><strong>Offrez le meilleur \u00e0 vos employ\u00e9s et actionnaires<\/strong><\/h4>\n\n\n\n<p style=\"font-size:18px\">Petites, moyennes et grandes entreprises peuvent b\u00e9n\u00e9ficier de solutions pour prot\u00e9ger l\u2019entreprise et ses employ\u00e9s. Chacune d\u2019elles \u00e9tant unique, nous \u00e9tablirons un plan personnalis\u00e9.<\/p>\n\n\n\n<p style=\"font-size:18px\">Nous vous accompagnons dans la gestion du patrimoine personnel et corporatif, afin de maximiser les solutions d\u2019affaire et personnelles, le tout en collaboration avec votre comptable ou votre fiscaliste.<\/p>\n<\/div>\n<\/div>\n\n\n\n<p style=\"font-size:18px\"><a href=\"\/index.php\/particuliers\/\" title=\"\">VOYEZ AUSSI NOS SERVICES AUX PARTICULIERS ><\/a><\/p>\n\n\n\n<p style=\"font-size:18px\"><strong>PRODUITS DE PLACEMENTS<\/strong><\/p>\n\n\n\n<ul class=\"wp-block-list\" style=\"font-size:18px\"><li>Compte bancaire<\/li><li>CPG<\/li><li>Fonds communs de placement offerts par Capital Hub Inc.<\/li><\/ul>\n\n\n\n<p style=\"font-size:16px\"><strong>PROTECTIONS ASSURANCE<\/strong><\/p>\n\n\n\n<ul class=\"wp-block-list\" style=\"font-size:18px\"><li>Assurance vie, invalidit\u00e9, maladies graves, frais m\u00e9dicaux maladie grave avec partage des primes<\/li><li>Protection des actionnaires<\/li><li>Protection des gestionnaires<\/li><li>Protection des travailleurs autonomes<\/li><li>Protection des frais g\u00e9n\u00e9raux<\/li><li>Protection de pr\u00eats commerciaux<\/li><\/ul>\n\n\n\n<p style=\"font-size:18px\"><strong>R\u00c9GIME COLLECTIF<\/strong><\/p>\n\n\n\n<ul class=\"wp-block-list\" style=\"font-size:18px\"><li>Assurance collective<\/li><li>R\u00e9gime de retraite collectif<\/li><li>R\u00e9gime de retraite simplifi\u00e9<\/li><li>Convention de retraite<\/li><li>RRI, REER Collectif, CELI Collectif, RPDB<\/li><li>RVER : R\u00e9gime volontaire d\u2019\u00e9pargne retraite<\/li><\/ul>\n\n\n\n<p style=\"font-size:18px\"><strong>R\u00c9ORGANISATION CORPORATIVE<\/strong><\/p>\n\n\n\n<ul class=\"wp-block-list\" style=\"font-size:18px\"><li>Cr\u00e9ation de compagnie de gestion et ou de fiducie<\/li><li>Refonte de l\u2019actionnariat de l\u2019entreprise<\/li><li>Accompagnement pour la rel\u00e8ve d\u2019entreprise<\/li><\/ul>\n\n\n\n<hr class=\"wp-block-separator has-alpha-channel-opacity is-style-default\"\/>\n\n\n\n<figure class=\"wp-block-image size-full is-resized\"><img loading=\"lazy\" decoding=\"async\" src=\"\/gfmdev\/wp-content\/uploads\/2022\/08\/Hub.png\" alt=\"\" class=\"wp-image-91\" width=\"100\" height=\"35\" srcset=\"https:\/\/jpmercier.com\/wp-content\/uploads\/2022\/08\/Hub.png 401w, https:\/\/jpmercier.com\/wp-content\/uploads\/2022\/08\/Hub-300x105.png 300w\" sizes=\"auto, (max-width: 100px) 100vw, 100px\" \/><\/figure>\n\n\n\n<p class=\"has-small-font-size\"><strong>Rendements des fonds<br><\/strong>L\u2019investissement dans des fonds communs de placement peut donner lieu \u00e0 des commissions, commissions de suivi, frais de gestion et autres d\u00e9penses, il est donc important de lire l\u2019aper\u00e7u du fonds avant d\u2019investir. Les donn\u00e9es sur le rendement supposent le r\u00e9investissement de toutes les distributions et de tous les dividendes mais ne tiennent pas compte des frais de vente, de rachat ou de distribution ni des autres frais facultatifs ou de l\u2019imp\u00f4t sur le revenu \u00e0 payer par le d\u00e9tenteur, lesquels auraient pour effet de r\u00e9duire les rendements. Les fonds communs de placement ne sont pas garantis, leur valeur fluctue quotidiennement et leur rendement pass\u00e9 n\u2019est pas garant de leur rendement \u00e0 venir. Les titres des fonds communs de placements ne sont pas couverts par la Soci\u00e9t\u00e9 d\u2019assurance-d\u00e9p\u00f4ts du Canada ni par quelques autres organismes d\u2019assurance-d\u00e9p\u00f4t.<\/p>\n\n\n\n<p class=\"has-small-font-size\">Les fonds subventionn\u00e9s des travailleurs ont des cr\u00e9dits d\u2019imp\u00f4t qui sont assujettis \u00e0 certaines dispositions notamment au ressaisissement si les actions sont rachet\u00e9es en moins de huit ans.<\/p>\n\n\n\n<p class=\"has-text-align-center has-base-background-color has-background\"><strong><a href=\"mailto:gfm@gfmercier.ca\">gfm@gfmercier.ca<\/a> <\/strong>\u2022 <strong>418 781-5958 <\/strong><br><strong>1 844 519-6413<\/strong><\/p>\n\n\n\n<p><\/p>\n\n\n\n<div class=\"wp-block-pb-accordion-item c-accordion__item js-accordion-item no-js\" data-initially-open=\"false\" data-click-to-close=\"true\" data-auto-close=\"true\" data-scroll=\"false\" data-scroll-offset=\"0\"><button id=\"at-141\" class=\"c-accordion__title js-accordion-controller c-accordion__title--button\" role=\"button\"><strong>&gt; Responsable des renseignements personnels<\/strong><\/button><div id=\"ac-141\" class=\"c-accordion__content\">\n<p style=\"font-size:12px\"><br><strong>Jean-Patrick Mercier Ph.D., AVC, et<br>Gestion Financi\u00e8re Mercier et Associ\u00e9s Inc.<\/strong><br>Courriel : jpm@gfmercier.ca<br>T\u00e9l\u00e9phone : (418) 781-5958 poste 102<br>T\u00e9l\u00e9copieur : (418) 204-2465<br>2750, Chemin Ste-Foy, bureau 257A Qu\u00e9bec G1V 1V6<\/p>\n\n\n\n<p style=\"font-size:12px\">Planificateur financier<br>Conseiller en s\u00e9curit\u00e9 financi\u00e8re<br>Conseiller en assurances et rentes collectives<br>Agent vendeur autoris\u00e9 par \u00c9pargne Placement Qu\u00e9bec <br>Rattach\u00e9 \u00e0 Gestion Financi\u00e8re Mercier et Associ\u00e9s Inc.<br>Repr\u00e9sentant en \u00e9pargne collective<br>Fonds mutuels vendus \u00e0 travers Capital Hub Inc.<\/p>\n<\/div><\/div>\n","protected":false},"excerpt":{"rendered":"<p>Offrez le meilleur \u00e0 vos employ\u00e9s et actionnaires Petites, moyennes et grandes entreprises peuvent b\u00e9n\u00e9ficier de solutions pour prot\u00e9ger l\u2019entreprise et ses employ\u00e9s. Chacune d\u2019elles \u00e9tant unique, nous \u00e9tablirons un plan personnalis\u00e9. Nous vous accompagnons dans la gestion du patrimoine personnel et corporatif, afin de maximiser les solutions d\u2019affaire et personnelles, le tout en collaboration &#8230; <a title=\"Entreprises\" class=\"read-more\" href=\"https:\/\/jpmercier.com\/index.php\/services-financiers-entreprises-gestion-financiere-mercier\/\" aria-label=\"Read more about Entreprises\">Continuer la lecture<\/a><\/p>\n","protected":false},"author":1,"featured_media":0,"parent":0,"menu_order":0,"comment_status":"closed","ping_status":"closed","template":"","meta":{"footnotes":""},"class_list":["post-14","page","type-page","status-publish"],"_links":{"self":[{"href":"https:\/\/jpmercier.com\/index.php\/wp-json\/wp\/v2\/pages\/14","targetHints":{"allow":["GET"]}}],"collection":[{"href":"https:\/\/jpmercier.com\/index.php\/wp-json\/wp\/v2\/pages"}],"about":[{"href":"https:\/\/jpmercier.com\/index.php\/wp-json\/wp\/v2\/types\/page"}],"author":[{"embeddable":true,"href":"https:\/\/jpmercier.com\/index.php\/wp-json\/wp\/v2\/users\/1"}],"replies":[{"embeddable":true,"href":"https:\/\/jpmercier.com\/index.php\/wp-json\/wp\/v2\/comments?post=14"}],"version-history":[{"count":17,"href":"https:\/\/jpmercier.com\/index.php\/wp-json\/wp\/v2\/pages\/14\/revisions"}],"predecessor-version":[{"id":576,"href":"https:\/\/jpmercier.com\/index.php\/wp-json\/wp\/v2\/pages\/14\/revisions\/576"}],"wp:attachment":[{"href":"https:\/\/jpmercier.com\/index.php\/wp-json\/wp\/v2\/media?parent=14"}],"curies":[{"name":"wp","href":"https:\/\/api.w.org\/{rel}","templated":true}]}}