{"id":10,"date":"2022-08-17T20:59:23","date_gmt":"2022-08-17T20:59:23","guid":{"rendered":"https:\/\/jpmercier.com\/gfmdev\/?page_id=10"},"modified":"2026-03-30T00:31:54","modified_gmt":"2026-03-30T00:31:54","slug":"jean-patrick-mercier","status":"publish","type":"page","link":"https:\/\/jpmercier.com\/index.php\/jean-patrick-mercier\/","title":{"rendered":"Jean-Patrick Mercier"},"content":{"rendered":"\n<div class=\"wp-block-columns is-layout-flex wp-container-core-columns-is-layout-9d6595d7 wp-block-columns-is-layout-flex\">\n<div class=\"wp-block-column is-layout-flow wp-block-column-is-layout-flow\" style=\"flex-basis:33.33%\">\n<figure class=\"wp-block-image size-full\"><img loading=\"lazy\" decoding=\"async\" width=\"350\" height=\"350\" src=\"\/wp-content\/uploads\/2022\/08\/Jean-Patrick_photo2.jpg\" alt=\"Jean-Patrick Mercier\" class=\"wp-image-158\" srcset=\"https:\/\/jpmercier.com\/wp-content\/uploads\/2022\/08\/Jean-Patrick_photo2.jpg 350w, https:\/\/jpmercier.com\/wp-content\/uploads\/2022\/08\/Jean-Patrick_photo2-300x300.jpg 300w, https:\/\/jpmercier.com\/wp-content\/uploads\/2022\/08\/Jean-Patrick_photo2-150x150.jpg 150w\" sizes=\"auto, (max-width: 350px) 100vw, 350px\" \/><\/figure>\n<\/div>\n\n\n\n<div class=\"wp-block-column has-base-3-background-color has-background is-layout-flow wp-block-column-is-layout-flow\" style=\"flex-basis:66.66%\">\n<p><strong><a href=\"mailto:jpm@gfmercier.ca\" title=\"\">jpm@gfmercier.ca<\/a><\/strong><br><strong>418 781-5958, poste 102<\/strong><\/p>\n\n\n\n<figure class=\"wp-block-image size-full is-resized\"><a href=\"\/\/www.linkedin.com\/in\/jeanpatrickmercier\/\" target=\"_blank\" rel=\"noreferrer noopener\"><img loading=\"lazy\" decoding=\"async\" width=\"635\" height=\"540\" src=\"\/gfmdev\/wp-content\/uploads\/2022\/09\/LI-In-Bug.png\" alt=\"\" class=\"wp-image-318\" style=\"width:30px;height:25px\" srcset=\"https:\/\/jpmercier.com\/wp-content\/uploads\/2022\/09\/LI-In-Bug.png 635w, https:\/\/jpmercier.com\/wp-content\/uploads\/2022\/09\/LI-In-Bug-300x255.png 300w\" sizes=\"auto, (max-width: 635px) 100vw, 635px\" \/><\/a><\/figure>\n\n\n\n<p><\/p>\n\n\n\n<h5 class=\"wp-block-heading\" style=\"font-size:24px\"><strong>Ses comp\u00e9tences<\/strong><\/h5>\n\n\n\n<ul style=\"font-size:18px\" class=\"wp-block-list\">\n<li>Analyse financi\u00e8re<\/li>\n\n\n\n<li>Placements<\/li>\n\n\n\n<li>Courtage en assurances<\/li>\n\n\n\n<li>R\u00e9gimes collectifs<\/li>\n\n\n\n<li>R\u00e9organisation corporative<\/li>\n<\/ul>\n<\/div>\n<\/div>\n\n\n\n<h5 class=\"wp-block-heading has-accent-color has-text-color\" style=\"font-size:24px\"><strong>S\u00e9curit\u00e9, croissance, confiance.<\/strong><\/h5>\n\n\n\n<p style=\"font-size:18px\">Par son int\u00e9grit\u00e9,&nbsp;sa&nbsp;polyvalence et sa rigueur, Jean-Patrick Mercier est&nbsp;votre meilleur alli\u00e9 pour vous accompagner dans vos finances. Que vous soyez un particulier ou un gestionnaire d\u2019entreprise,&nbsp;il sera digne de votre confiance.<\/p>\n\n\n\n<p style=\"font-size:18px\">Avec son&nbsp;approche int\u00e9gr\u00e9e, il fera la&nbsp;synth\u00e8se de votre situation actuelle et il vous proposera&nbsp;des&nbsp;solutions adapt\u00e9es pour vos&nbsp;assurances et des strat\u00e9gies de placement optimales&nbsp;pour assurer&nbsp;votre avenir financier.<\/p>\n\n\n\n<p style=\"font-size:18px\">Jean-Patrick Mercier est d\u00e9tenteur du permis de conseiller en s\u00e9curit\u00e9 financi\u00e8re depuis&nbsp;1993 et membre de l\u2019Institut qu\u00e9b\u00e9cois de planification financi\u00e8re.&nbsp;Il est reconnu depuis plus de 20 ans pour&nbsp;sa&nbsp;perspicacit\u00e9, sa franchise, son&nbsp;efficacit\u00e9&nbsp;et sa&nbsp;grande disponibilit\u00e9.<\/p>\n\n\n\n<h5 class=\"wp-block-heading has-medium-font-size\"><strong>En faisant&nbsp;affaire avec&nbsp;Jean-Patrick Mercier, vous trouverez:<\/strong><\/h5>\n\n\n\n<p style=\"font-size:18px\">\u2022 Un conseiller ind\u00e9pendant,&nbsp;priorisant vos int\u00e9r\u00eats.<br>\u2022 Les normes d\u2019\u00e9thique les plus exigeantes en fiscalit\u00e9, placements et assurances.<br>\u2022 Une gamme de produits r\u00e9pondants \u00e0 vos attentes et vos moyens.<br>\u2022 Des&nbsp;r\u00e9ponses \u00e0 toutes vos questions.<br>\u2022 Un suivi rigoureux et assidu de votre portefeuille de placements.<br>\u2022 Les services d\u2019un professionnel misant sur la formation continue.<\/p>\n\n\n\n<p><\/p>\n\n\n\n<p><\/p>\n\n\n\n<p><a href=\"\/wp-content\/uploads\/2023\/09\/Renseignements_prives_GFMA.pdf\" target=\"_blank\" rel=\"noopener\" title=\"Protection de la vie priv\u00e9e \u2013 Formulaire de consentement\">&gt; <\/a><strong><a href=\"\/wp-content\/uploads\/2023\/09\/Renseignements_prives_JPM.pdf\" target=\"_blank\" rel=\"noopener\" title=\"rotection de la vie priv\u00e9e \u2013 Formulaire de consentement\">Protection de la vie priv\u00e9e \u2013 Formulaire de consentement<\/a>&nbsp;<\/strong><\/p>\n\n\n\n<p><a href=\"\/wp-content\/uploads\/2025\/06\/Modele_Resume_Politique-traitement-25-07-01.pdf\" target=\"_blank\" rel=\"noopener\" title=\"R\u00e9sum\u00e9 de politique de traitement des plaintes pour Gestion Financi\u00e8re Mercier et Associ\u00e9s\">&gt; <\/a> <strong><a href=\"\/wp-content\/uploads\/2025\/06\/Modele_Resume_Politique-traitement-25-07-01.pdf\" target=\"_blank\" rel=\"noopener\" title=\"\">R\u00e9sum\u00e9 de politique de traitement des plaintes pour Gestion Financi\u00e8re Mercier et Associ\u00e9s<\/a><\/strong>&nbsp;<\/p>\n\n\n\n<p><a href=\"\/wp-content\/uploads\/2025\/06\/25-01-Plainte-ocri.pdf\" target=\"_blank\" rel=\"noopener\" title=\"R\u00e9sum\u00e9 de politique de traitement des plaintes pour Capital hub\">&gt; <\/a> <strong><a href=\"\/wp-content\/uploads\/2025\/06\/25-01-Plainte-ocri.pdf\" target=\"_blank\" rel=\"noreferrer noopener\">R\u00e9sum\u00e9 de politique de traitement des plaintes pour Capital hu<\/a><\/strong><a href=\"\/wp-content\/uploads\/2025\/06\/25-01-Plainte-ocri.pdf\" target=\"_blank\" rel=\"noreferrer noopener\"><strong>b<\/strong><\/a>&nbsp;<\/p>\n\n\n\n<p><strong>&nbsp;<\/strong><\/p>\n\n\n\n<p><\/p>\n","protected":false},"excerpt":{"rendered":"<p>jpm@gfmercier.ca418 781-5958, poste 102 Ses comp\u00e9tences S\u00e9curit\u00e9, croissance, confiance. Par son int\u00e9grit\u00e9,&nbsp;sa&nbsp;polyvalence et sa rigueur, Jean-Patrick Mercier est&nbsp;votre meilleur alli\u00e9 pour vous accompagner dans vos finances. Que vous soyez un particulier ou un gestionnaire d\u2019entreprise,&nbsp;il sera digne de votre confiance. Avec son&nbsp;approche int\u00e9gr\u00e9e, il fera la&nbsp;synth\u00e8se de votre situation actuelle et il vous proposera&nbsp;des&nbsp;solutions adapt\u00e9es &#8230; <a title=\"Jean-Patrick Mercier\" class=\"read-more\" href=\"https:\/\/jpmercier.com\/index.php\/jean-patrick-mercier\/\" aria-label=\"Read more about Jean-Patrick Mercier\">Continuer la lecture<\/a><\/p>\n","protected":false},"author":1,"featured_media":0,"parent":0,"menu_order":0,"comment_status":"closed","ping_status":"closed","template":"","meta":{"footnotes":""},"class_list":["post-10","page","type-page","status-publish"],"_links":{"self":[{"href":"https:\/\/jpmercier.com\/index.php\/wp-json\/wp\/v2\/pages\/10","targetHints":{"allow":["GET"]}}],"collection":[{"href":"https:\/\/jpmercier.com\/index.php\/wp-json\/wp\/v2\/pages"}],"about":[{"href":"https:\/\/jpmercier.com\/index.php\/wp-json\/wp\/v2\/types\/page"}],"author":[{"embeddable":true,"href":"https:\/\/jpmercier.com\/index.php\/wp-json\/wp\/v2\/users\/1"}],"replies":[{"embeddable":true,"href":"https:\/\/jpmercier.com\/index.php\/wp-json\/wp\/v2\/comments?post=10"}],"version-history":[{"count":54,"href":"https:\/\/jpmercier.com\/index.php\/wp-json\/wp\/v2\/pages\/10\/revisions"}],"predecessor-version":[{"id":687,"href":"https:\/\/jpmercier.com\/index.php\/wp-json\/wp\/v2\/pages\/10\/revisions\/687"}],"wp:attachment":[{"href":"https:\/\/jpmercier.com\/index.php\/wp-json\/wp\/v2\/media?parent=10"}],"curies":[{"name":"wp","href":"https:\/\/api.w.org\/{rel}","templated":true}]}}